{"id":13255,"date":"2020-11-19T07:27:40","date_gmt":"2020-11-19T04:27:40","guid":{"rendered":"https:\/\/tantana-tourism.com\/faq\/"},"modified":"2025-04-27T07:58:27","modified_gmt":"2025-04-27T04:58:27","slug":"faq","status":"publish","type":"page","link":"https:\/\/tantana-tourism.com\/de\/faq\/","title":{"rendered":"FAQ"},"content":{"rendered":"\t\t<div data-elementor-type=\"wp-page\" data-elementor-id=\"13255\" class=\"elementor elementor-13255\" data-elementor-post-type=\"page\">\n\t\t\t\t\t\t<div class=\"elementor-section elementor-top-section elementor-element elementor-element-12b7704 elementor-section-stretched elementor-section-boxed elementor-section-height-default elementor-section-height-default\" data-id=\"12b7704\" data-element_type=\"section\" data-settings=\"{&quot;stretch_section&quot;:&quot;section-stretched&quot;,&quot;background_background&quot;:&quot;classic&quot;,&quot;background_motion_fx_motion_fx_scrolling&quot;:&quot;yes&quot;,&quot;background_motion_fx_translateY_effect&quot;:&quot;yes&quot;,&quot;background_motion_fx_translateY_speed&quot;:{&quot;unit&quot;:&quot;px&quot;,&quot;size&quot;:4,&quot;sizes&quot;:[]},&quot;background_motion_fx_translateY_affectedRange&quot;:{&quot;unit&quot;:&quot;%&quot;,&quot;size&quot;:&quot;&quot;,&quot;sizes&quot;:{&quot;start&quot;:0,&quot;end&quot;:100}},&quot;background_motion_fx_devices&quot;:[&quot;desktop&quot;,&quot;tablet&quot;,&quot;mobile&quot;]}\">\n\t\t\t\t\t\t<div class=\"elementor-container elementor-column-gap-no\">\n\t\t\t\t\t<div class=\"elementor-column elementor-col-50 elementor-top-column elementor-element elementor-element-bd24b47\" data-id=\"bd24b47\" data-element_type=\"column\">\n\t\t\t<div class=\"elementor-widget-wrap elementor-element-populated\">\n\t\t\t\t\t\t<div class=\"elementor-element elementor-element-0fd8c09 elementor-widget elementor-widget-heading\" data-id=\"0fd8c09\" data-element_type=\"widget\" data-widget_type=\"heading.default\">\n\t\t\t\t<div class=\"elementor-widget-container\">\n\t\t\t\t\t<h2 class=\"elementor-heading-title elementor-size-default\">Antworten finden<\/h2>\t\t\t\t<\/div>\n\t\t\t\t<\/div>\n\t\t\t\t<div class=\"elementor-element elementor-element-11ce8bc elementor-widget elementor-widget-text-editor\" data-id=\"11ce8bc\" data-element_type=\"widget\" data-widget_type=\"text-editor.default\">\n\t\t\t\t<div class=\"elementor-widget-container\">\n\t\t\t\t\t\t\t\t\t<p>Wir haben f\u00fcr Sie Antworten auf h\u00e4ufig gestellte Fragen zusammengestellt.<\/p>\t\t\t\t\t\t\t\t<\/div>\n\t\t\t\t<\/div>\n\t\t\t\t\t<\/div>\n\t\t<\/div>\n\t\t\t\t<div class=\"elementor-column elementor-col-50 elementor-top-column elementor-element elementor-element-ff966aa\" data-id=\"ff966aa\" data-element_type=\"column\">\n\t\t\t<div class=\"elementor-widget-wrap elementor-element-populated\">\n\t\t\t\t\t\t<div class=\"elementor-element elementor-element-e786413 elementor-widget elementor-widget-heading\" data-id=\"e786413\" data-element_type=\"widget\" data-widget_type=\"heading.default\">\n\t\t\t\t<div class=\"elementor-widget-container\">\n\t\t\t\t\t<h2 class=\"elementor-heading-title elementor-size-default\">H\u00e4ufig gestellte Fragen<\/h2>\t\t\t\t<\/div>\n\t\t\t\t<\/div>\n\t\t\t\t<div class=\"elementor-element elementor-element-6351e7b style-theme-yes elementor-widget elementor-widget-accordion\" data-id=\"6351e7b\" data-element_type=\"widget\" data-widget_type=\"accordion.default\">\n\t\t\t\t<div class=\"elementor-widget-container\">\n\t\t\t\t\t\t\t<div class=\"elementor-accordion\">\n\t\t\t\t\t\t\t<div class=\"elementor-accordion-item\">\n\t\t\t\t\t<div id=\"elementor-tab-title-1041\" class=\"elementor-tab-title\" data-tab=\"1\" role=\"button\" aria-controls=\"elementor-tab-content-1041\" aria-expanded=\"false\">\n\t\t\t\t\t\t\t\t\t\t\t\t\t<span class=\"elementor-accordion-icon elementor-accordion-icon-left\" aria-hidden=\"true\">\n\t\t\t\t\t\t\t\t\t\t\t\t\t\t\t<span class=\"elementor-accordion-icon-closed\"><i class=\"triply-icon- triply-icon-angle-down\"><\/i><\/span>\n\t\t\t\t\t\t\t\t<span class=\"elementor-accordion-icon-opened\"><i class=\"triply-icon- triply-icon-angle-up\"><\/i><\/span>\n\t\t\t\t\t\t\t\t\t\t\t\t\t\t<\/span>\n\t\t\t\t\t\t\t\t\t\t\t\t<a class=\"elementor-accordion-title\" tabindex=\"0\">Welche Arten von Touren bietet Tantana Tourism an?<\/a>\n\t\t\t\t\t<\/div>\n\t\t\t\t\t<div id=\"elementor-tab-content-1041\" class=\"elementor-tab-content elementor-clearfix\" data-tab=\"1\" role=\"region\" aria-labelledby=\"elementor-tab-title-1041\"><p><b>Wir bieten eine Vielzahl von Touren in Usbekistan und Zentralasien an:<\/b><\/p><ul><li style=\"font-weight: 400;\" aria-level=\"1\"><span style=\"font-weight: 400;\">Individuell gestaltete Reiserouten, die auf Ihre W\u00fcnsche abgestimmt sind<\/span><\/li><li style=\"font-weight: 400;\" aria-level=\"1\"><span style=\"font-weight: 400;\">Gruppenexkursionen mit professionellen Reisef\u00fchrern<\/span><\/li><li style=\"font-weight: 400;\" aria-level=\"1\"><span style=\"font-weight: 400;\">Aktive Touren (Trekking, Radfahren, Jeep-Touren)<\/span><\/li><li style=\"font-weight: 400;\" aria-level=\"1\"><span style=\"font-weight: 400;\">Gastronomische und ethnografische Touren mit Besuchen bei lokalen Handwerkern und Verkostungen<\/span><\/li><li style=\"font-weight: 400;\" aria-level=\"1\"><span style=\"font-weight: 400;\">Gesch\u00e4ftsreisen und Firmen-Tourismus mit Concierge-Service und Event-Organisation<\/span><\/li><\/ul><p><span style=\"font-weight: 400;\">Unsere Experten finden die perfekte Reiseroute f\u00fcr Sie, sei es eine kurze Reise oder eine ausgedehnte Tour durch Zentralasien.<\/span><\/p><\/div>\n\t\t\t\t<\/div>\n\t\t\t\t\t\t\t<div class=\"elementor-accordion-item\">\n\t\t\t\t\t<div id=\"elementor-tab-title-1042\" class=\"elementor-tab-title\" data-tab=\"2\" role=\"button\" aria-controls=\"elementor-tab-content-1042\" aria-expanded=\"false\">\n\t\t\t\t\t\t\t\t\t\t\t\t\t<span class=\"elementor-accordion-icon elementor-accordion-icon-left\" aria-hidden=\"true\">\n\t\t\t\t\t\t\t\t\t\t\t\t\t\t\t<span class=\"elementor-accordion-icon-closed\"><i class=\"triply-icon- triply-icon-angle-down\"><\/i><\/span>\n\t\t\t\t\t\t\t\t<span class=\"elementor-accordion-icon-opened\"><i class=\"triply-icon- triply-icon-angle-up\"><\/i><\/span>\n\t\t\t\t\t\t\t\t\t\t\t\t\t\t<\/span>\n\t\t\t\t\t\t\t\t\t\t\t\t<a class=\"elementor-accordion-title\" tabindex=\"0\">Brauche ich ein Visum, um Usbekistan zu besuchen?<\/a>\n\t\t\t\t\t<\/div>\n\t\t\t\t\t<div id=\"elementor-tab-content-1042\" class=\"elementor-tab-content elementor-clearfix\" data-tab=\"2\" role=\"region\" aria-labelledby=\"elementor-tab-title-1042\"><p><span style=\"font-weight: 400;\">Die Visabestimmungen h\u00e4ngen von Ihrem Staatsb\u00fcrgerschaft ab. B\u00fcrger von mehr als 90 L\u00e4ndern k\u00f6nnen Usbekistan bis zu 30-60 Tage ohne Visum besuchen. Wenn ein Visum erforderlich ist, bieten wir umfassende Visahilfe an, einschlie\u00dflich der Ausstellung von Einladungen, der Registrierung und der Unterst\u00fctzung des Antragsprozesses. Kontaktieren Sie uns, und wir helfen Ihnen, alles vorzubereiten, was Sie f\u00fcr einen komfortablen Eintritt ben\u00f6tigen.<\/span><\/p><\/div>\n\t\t\t\t<\/div>\n\t\t\t\t\t\t\t<div class=\"elementor-accordion-item\">\n\t\t\t\t\t<div id=\"elementor-tab-title-1043\" class=\"elementor-tab-title\" data-tab=\"3\" role=\"button\" aria-controls=\"elementor-tab-content-1043\" aria-expanded=\"false\">\n\t\t\t\t\t\t\t\t\t\t\t\t\t<span class=\"elementor-accordion-icon elementor-accordion-icon-left\" aria-hidden=\"true\">\n\t\t\t\t\t\t\t\t\t\t\t\t\t\t\t<span class=\"elementor-accordion-icon-closed\"><i class=\"triply-icon- triply-icon-angle-down\"><\/i><\/span>\n\t\t\t\t\t\t\t\t<span class=\"elementor-accordion-icon-opened\"><i class=\"triply-icon- triply-icon-angle-up\"><\/i><\/span>\n\t\t\t\t\t\t\t\t\t\t\t\t\t\t<\/span>\n\t\t\t\t\t\t\t\t\t\t\t\t<a class=\"elementor-accordion-title\" tabindex=\"0\">Welche Art von Unterk\u00fcnften bietet Tantana Tourism an?<\/a>\n\t\t\t\t\t<\/div>\n\t\t\t\t\t<div id=\"elementor-tab-content-1043\" class=\"elementor-tab-content elementor-clearfix\" data-tab=\"3\" role=\"region\" aria-labelledby=\"elementor-tab-title-1043\"><p><span style=\"font-weight: 400;\">Wir bieten verschiedene Unterkunftsoptionen, je nach Ihrem Budget und Ihren Vorlieben:<\/span><\/p><ul><li style=\"font-weight: 400;\" aria-level=\"1\"><span style=\"font-weight: 400;\">Boutique-Hotels in historischen Stadtvierteln von Samarkand, Bukhara und Khiva<\/span><span style=\"font-weight: 400;\"><br \/><br \/><\/span><\/li><li style=\"font-weight: 400;\" aria-level=\"1\"><span style=\"font-weight: 400;\">4-5 Sterne Hotels mit komfortablen Zimmern und hohem Serviceniveau<\/span><span style=\"font-weight: 400;\"><br \/><br \/><\/span><\/li><li style=\"font-weight: 400;\" aria-level=\"1\"><span style=\"font-weight: 400;\">G\u00e4steh\u00e4user f\u00fcr authentische kulturelle Erlebnisse<\/span><span style=\"font-weight: 400;\"><br \/><br \/><\/span><\/li><li style=\"font-weight: 400;\" aria-level=\"1\"><span style=\"font-weight: 400;\">Jurtenlager in der Kyzylkum-W\u00fcste f\u00fcr Liebhaber des Exotischen<\/span><\/li><\/ul><p><span style=\"font-weight: 400;\">Wir w\u00e4hlen Hotels basierend auf Ihren Vorlieben, der Lage und der Bequemlichkeit, sich in Ihrem Reiseplan fortzubewegen.<\/span><\/p><\/div>\n\t\t\t\t<\/div>\n\t\t\t\t\t\t\t<div class=\"elementor-accordion-item\">\n\t\t\t\t\t<div id=\"elementor-tab-title-1044\" class=\"elementor-tab-title\" data-tab=\"4\" role=\"button\" aria-controls=\"elementor-tab-content-1044\" aria-expanded=\"false\">\n\t\t\t\t\t\t\t\t\t\t\t\t\t<span class=\"elementor-accordion-icon elementor-accordion-icon-left\" aria-hidden=\"true\">\n\t\t\t\t\t\t\t\t\t\t\t\t\t\t\t<span class=\"elementor-accordion-icon-closed\"><i class=\"triply-icon- triply-icon-angle-down\"><\/i><\/span>\n\t\t\t\t\t\t\t\t<span class=\"elementor-accordion-icon-opened\"><i class=\"triply-icon- triply-icon-angle-up\"><\/i><\/span>\n\t\t\t\t\t\t\t\t\t\t\t\t\t\t<\/span>\n\t\t\t\t\t\t\t\t\t\t\t\t<a class=\"elementor-accordion-title\" tabindex=\"0\">Welcher Art von Transport wird w\u00e4hrend der Tour verwendet?<\/a>\n\t\t\t\t\t<\/div>\n\t\t\t\t\t<div id=\"elementor-tab-content-1044\" class=\"elementor-tab-content elementor-clearfix\" data-tab=\"4\" role=\"region\" aria-labelledby=\"elementor-tab-title-1044\"><p><span style=\"font-weight: 400;\">Wir bieten individuelle und Gruppen-Transfers f\u00fcr eine komfortable Reise an. Je nach Route stehen Business-Class-Autos, Touristenbusse, Afrosiyob-Hochgeschwindigkeitsz\u00fcge und Inlandsfl\u00fcge zur Verf\u00fcgung.<\/span><\/p><\/div>\n\t\t\t\t<\/div>\n\t\t\t\t\t\t\t\t<\/div>\n\t\t\t\t\t\t<\/div>\n\t\t\t\t<\/div>\n\t\t\t\t\t<\/div>\n\t\t<\/div>\n\t\t\t\t\t<\/div>\n\t\t<\/div>\n\t\t\t\t<\/div>\n\t\t","protected":false},"excerpt":{"rendered":"<p>Antworten finden Wir haben f\u00fcr Sie Antworten auf h\u00e4ufig gestellte Fragen zusammengestellt. H\u00e4ufig gestellte Fragen Welche Arten von Touren bietet Tantana Tourism an? Wir bieten eine Vielzahl von Touren in Usbekistan und Zentralasien an: Individuell gestaltete Reiserouten, die auf Ihre W\u00fcnsche abgestimmt sind Gruppenexkursionen mit professionellen Reisef\u00fchrern Aktive Touren (Trekking, Radfahren, Jeep-Touren) Gastronomische und ethnografische [&hellip;]<\/p>\n","protected":false},"author":1,"featured_media":0,"parent":0,"menu_order":0,"comment_status":"closed","ping_status":"closed","template":"elementor_header_footer","meta":{"footnotes":""},"class_list":["post-13255","page","type-page","status-publish","hentry"],"_links":{"self":[{"href":"https:\/\/tantana-tourism.com\/de\/wp-json\/wp\/v2\/pages\/13255","targetHints":{"allow":["GET"]}}],"collection":[{"href":"https:\/\/tantana-tourism.com\/de\/wp-json\/wp\/v2\/pages"}],"about":[{"href":"https:\/\/tantana-tourism.com\/de\/wp-json\/wp\/v2\/types\/page"}],"author":[{"embeddable":true,"href":"https:\/\/tantana-tourism.com\/de\/wp-json\/wp\/v2\/users\/1"}],"replies":[{"embeddable":true,"href":"https:\/\/tantana-tourism.com\/de\/wp-json\/wp\/v2\/comments?post=13255"}],"version-history":[{"count":3,"href":"https:\/\/tantana-tourism.com\/de\/wp-json\/wp\/v2\/pages\/13255\/revisions"}],"predecessor-version":[{"id":13258,"href":"https:\/\/tantana-tourism.com\/de\/wp-json\/wp\/v2\/pages\/13255\/revisions\/13258"}],"wp:attachment":[{"href":"https:\/\/tantana-tourism.com\/de\/wp-json\/wp\/v2\/media?parent=13255"}],"curies":[{"name":"wp","href":"https:\/\/api.w.org\/{rel}","templated":true}]}}